{"id":322,"date":"2016-07-18T22:46:16","date_gmt":"2016-07-18T19:46:16","guid":{"rendered":"http:\/\/chematanzania.org\/?page_id=322"},"modified":"2016-07-22T20:31:57","modified_gmt":"2016-07-22T17:31:57","slug":"querschnittsthemen","status":"publish","type":"page","link":"http:\/\/chematanzania.org\/?page_id=322","title":{"rendered":"Querschnittsthemen"},"content":{"rendered":"<p>&nbsp;<\/p>\n<p style=\"text-align: center;\"><a href=\"http:\/\/chematanzania.org\/?page_id=296\"><img loading=\"lazy\" class=\"alignnone wp-image-106\" src=\"http:\/\/chematanzania.org\/wp-content\/uploads\/DSC_0055-1-300x169.jpg\" alt=\"DSC_0055--1\" width=\"83\" height=\"47\" srcset=\"http:\/\/chematanzania.org\/wp-content\/uploads\/DSC_0055-1-300x169.jpg 300w, http:\/\/chematanzania.org\/wp-content\/uploads\/DSC_0055-1-768x432.jpg 768w, http:\/\/chematanzania.org\/wp-content\/uploads\/DSC_0055-1.jpg 960w\" sizes=\"(max-width: 83px) 100vw, 83px\" \/><\/a>\u00a0 \u00a0 \u00a0 \u00a0 \u00a0 \u00a0 \u00a0 \u00a0<a href=\"http:\/\/chematanzania.org\/?page_id=59\"><img loading=\"lazy\" class=\"wp-image-171 size-full alignnone\" src=\"http:\/\/chematanzania.org\/wp-content\/uploads\/Flagge2.png\" alt=\"Flagge2\" width=\"73\" height=\"48\" \/><\/a>\u00a0 \u00a0 \u00a0 \u00a0 \u00a0 \u00a0 \u00a0\u00a0\u00a0<a href=\"http:\/\/chematanzania.org\/?page_id=318\"><img loading=\"lazy\" class=\"alignnone wp-image-105\" src=\"http:\/\/chematanzania.org\/wp-content\/uploads\/IMG_2489-1-300x169.jpg\" alt=\"IMG_2489--1\" width=\"83\" height=\"47\" srcset=\"http:\/\/chematanzania.org\/wp-content\/uploads\/IMG_2489-1-300x169.jpg 300w, http:\/\/chematanzania.org\/wp-content\/uploads\/IMG_2489-1-768x432.jpg 768w, http:\/\/chematanzania.org\/wp-content\/uploads\/IMG_2489-1-1024x576.jpg 1024w, http:\/\/chematanzania.org\/wp-content\/uploads\/IMG_2489-1.jpg 1080w\" sizes=\"(max-width: 83px) 100vw, 83px\" \/><\/a><\/p>\n<p><strong><span style=\"text-decoration: underline;\">Schwerpunkte:<\/span><\/strong><\/p>\n<ul>\n<li>Gleichstellung der Geschlechter<\/li>\n<\/ul>\n<ul>\n<li>HIV \/ AIDS<\/li>\n<\/ul>\n<ul>\n<li>Grundhygiene und Sanit\u00e4rversorgung<\/li>\n<\/ul>\n<ul>\n<li>Umweltbildung<\/li>\n<\/ul>\n<p>&nbsp;<\/p>\n<hr \/>\n<p style=\"text-align: center;\"><span style=\"text-decoration: underline;\"><strong>Gleichstellung der Geschlechter<\/strong><\/span><\/p>\n<p style=\"text-align: left;\">Die Gleichstellung der Geschlechter ist die einzige Komponente bei Chema, die sich speziell mit dem Sachverhalt der Rolle der Frau auseinandersetzt und die dazugeh\u00f6rigen Initiativen und feministischen Perspektiven untersucht.<\/p>\n<p>In l\u00e4ndlichen Gebieten wird darauf gezielt, theoretisch wie praktisch,neue bew\u00e4hrte Verfahren sowie neue Ideen im Bereich der Gleichstellung der Geschlechter in Verbindung mit Entwicklungsarbeit zu schulen.<\/p>\n<p>&nbsp;<\/p>\n<p><strong>Die Vision<\/strong> ist eine Welt, in der soziale Gerechtigkeit und die Gleichstellung der Geschlechter herrscht und in dem alle Frauen und M\u00e4dchen in der Lage sind, ihre Rechte frei von Diskriminierung zu verwirklichen.<\/p>\n<p><strong>Das Ziel<\/strong> ist es, sicherzustellen, dass jeder B\u00fcrger eine Gleichstellung der Geschlechter sowie die Rechte von Frauen und M\u00e4dchen f\u00f6rdert.<\/p>\n<p>&nbsp;<\/p>\n<p><span style=\"text-decoration: underline;\">AKTIVIT\u00c4TEN<\/span><\/p>\n<ul>\n<li>Gew\u00e4hrleistung der Geschlechtergleichstellung in der Projektumsetzung<\/li>\n<li>Gew\u00e4hrleistung von Geschlechtersensibilit\u00e4t der Mitarbeiter<\/li>\n<li>Durchf\u00fchrung verschiedener Schulungen zu Geschlechtsfragen<\/li>\n<li>Familienarbeitsbelastung<\/li>\n<li>Familienhaushaltsplanung<\/li>\n<li>Gr\u00fcnde f\u00fcr Familienkonflikte<\/li>\n<li>Wege \/ F\u00e4higkeiten der Familienkonfliktl\u00f6sung<\/li>\n<li>Bedeutung von Frieden und Liebe in der Gesellschaft \/ Familie<\/li>\n<li>Umwerbung und Ehe<\/li>\n<li>Geschlechtsspezifische Gewalt<\/li>\n<li>Entscheidungsfindung in der Familie<\/li>\n<li>Familienbildung<\/li>\n<li>Gleichstellung der Geschlechter und Mitwirkungsm\u00f6glichkeit<\/li>\n<li>Geschlechtsanalysen<\/li>\n<\/ul>\n<hr \/>\n<p>&nbsp;<\/p>\n","protected":false},"excerpt":{"rendered":"<p>&nbsp; \u00a0 \u00a0 \u00a0 \u00a0 \u00a0 \u00a0 \u00a0 \u00a0\u00a0 \u00a0 \u00a0 \u00a0 \u00a0 \u00a0 \u00a0\u00a0\u00a0 Schwerpunkte: Gleichstellung der Geschlechter HIV \/ AIDS Grundhygiene und Sanit\u00e4rversorgung Umweltbildung &nbsp; Gleichstellung der Geschlechter Die Gleichstellung der Geschlechter ist die einzige Komponente bei Chema, die sich speziell mit dem Sachverhalt der Rolle der Frau auseinandersetzt und die dazugeh\u00f6rigen Initiativen <a href=\"http:\/\/chematanzania.org\/?page_id=322\" rel=\"nofollow\"><span class=\"sr-only\">Read more about Querschnittsthemen<\/span>[&hellip;]<\/a><\/p>\n","protected":false},"author":1,"featured_media":0,"parent":135,"menu_order":0,"comment_status":"closed","ping_status":"closed","template":"template-fullwidth.php","meta":[],"_links":{"self":[{"href":"http:\/\/chematanzania.org\/index.php?rest_route=\/wp\/v2\/pages\/322"}],"collection":[{"href":"http:\/\/chematanzania.org\/index.php?rest_route=\/wp\/v2\/pages"}],"about":[{"href":"http:\/\/chematanzania.org\/index.php?rest_route=\/wp\/v2\/types\/page"}],"author":[{"embeddable":true,"href":"http:\/\/chematanzania.org\/index.php?rest_route=\/wp\/v2\/users\/1"}],"replies":[{"embeddable":true,"href":"http:\/\/chematanzania.org\/index.php?rest_route=%2Fwp%2Fv2%2Fcomments&post=322"}],"version-history":[{"count":5,"href":"http:\/\/chematanzania.org\/index.php?rest_route=\/wp\/v2\/pages\/322\/revisions"}],"predecessor-version":[{"id":437,"href":"http:\/\/chematanzania.org\/index.php?rest_route=\/wp\/v2\/pages\/322\/revisions\/437"}],"up":[{"embeddable":true,"href":"http:\/\/chematanzania.org\/index.php?rest_route=\/wp\/v2\/pages\/135"}],"wp:attachment":[{"href":"http:\/\/chematanzania.org\/index.php?rest_route=%2Fwp%2Fv2%2Fmedia&parent=322"}],"curies":[{"name":"wp","href":"https:\/\/api.w.org\/{rel}","templated":true}]}}