{"id":318,"date":"2016-07-18T22:42:55","date_gmt":"2016-07-18T19:42:55","guid":{"rendered":"http:\/\/chematanzania.org\/?page_id=318"},"modified":"2016-07-22T20:35:42","modified_gmt":"2016-07-22T17:35:42","slug":"nachhaltige-landwirtschaft","status":"publish","type":"page","link":"http:\/\/chematanzania.org\/?page_id=318","title":{"rendered":"Nachhaltige Landwirtschaft"},"content":{"rendered":"<p>&nbsp;<\/p>\n<p style=\"text-align: center;\"><a href=\" http:\/\/chematanzania.org\/?page_id=296\"><img loading=\"lazy\" class=\"alignnone wp-image-106\" src=\"http:\/\/chematanzania.org\/wp-content\/uploads\/DSC_0055-1-300x169.jpg\" alt=\"DSC_0055--1\" width=\"83\" height=\"47\" srcset=\"http:\/\/chematanzania.org\/wp-content\/uploads\/DSC_0055-1-300x169.jpg 300w, http:\/\/chematanzania.org\/wp-content\/uploads\/DSC_0055-1-768x432.jpg 768w, http:\/\/chematanzania.org\/wp-content\/uploads\/DSC_0055-1.jpg 960w\" sizes=\"(max-width: 83px) 100vw, 83px\" \/><\/a>\u00a0 \u00a0 \u00a0 \u00a0 \u00a0 \u00a0 \u00a0\u00a0\u00a0<a href=\"http:\/\/chematanzania.org\/?page_id=371\"><img loading=\"lazy\" class=\"wp-image-171 size-full alignnone\" src=\"http:\/\/chematanzania.org\/wp-content\/uploads\/Flagge2.png\" alt=\"Flagge2\" width=\"73\" height=\"48\" \/><\/a>\u00a0 \u00a0 \u00a0 \u00a0 \u00a0 \u00a0 \u00a0\u00a0\u00a0<a href=\"http:\/\/chematanzania.org\/?page_id=322\"><img loading=\"lazy\" class=\"alignnone wp-image-176\" src=\"http:\/\/chematanzania.org\/wp-content\/uploads\/M\u00fclleimer-300x98.png\" alt=\"M\u00fclleimer\" width=\"147\" height=\"48\" srcset=\"http:\/\/chematanzania.org\/wp-content\/uploads\/M\u00fclleimer-300x98.png 300w, http:\/\/chematanzania.org\/wp-content\/uploads\/M\u00fclleimer-768x252.png 768w, http:\/\/chematanzania.org\/wp-content\/uploads\/M\u00fclleimer-1024x336.png 1024w, http:\/\/chematanzania.org\/wp-content\/uploads\/M\u00fclleimer.png 1094w\" sizes=\"(max-width: 147px) 100vw, 147px\" \/><\/a><\/p>\n<p><strong><span style=\"text-decoration: underline;\">Schwerpunkte:<\/span><\/strong><\/p>\n<ul>\n<li>Gem\u00fcsegarten<\/li>\n<\/ul>\n<ul>\n<li>Verbesserung der Bananenproduktion<\/li>\n<\/ul>\n<ul>\n<li>Sicherstellung von Saatgut zur Nahrungsmittelsicherung<\/li>\n<\/ul>\n<ul>\n<li>Agro Forstwirtschaft<\/li>\n<\/ul>\n<ul>\n<li>Bodenfruchtbarkeit und -erhaltung<\/li>\n<\/ul>\n<hr \/>\n<p>&nbsp;<\/p>\n<p style=\"text-align: center;\"><img loading=\"lazy\" class=\"alignnone size-medium wp-image-346\" src=\"http:\/\/chematanzania.org\/wp-content\/uploads\/IMG_2089-300x169.jpg\" alt=\"IMG_2089\" width=\"300\" height=\"169\" srcset=\"http:\/\/chematanzania.org\/wp-content\/uploads\/IMG_2089-300x169.jpg 300w, http:\/\/chematanzania.org\/wp-content\/uploads\/IMG_2089-768x432.jpg 768w, http:\/\/chematanzania.org\/wp-content\/uploads\/IMG_2089-1024x576.jpg 1024w\" sizes=\"(max-width: 300px) 100vw, 300px\" \/> <img loading=\"lazy\" class=\"alignnone size-medium wp-image-347\" src=\"http:\/\/chematanzania.org\/wp-content\/uploads\/IMG_2489-300x169.jpg\" alt=\"IMG_2489\" width=\"300\" height=\"169\" srcset=\"http:\/\/chematanzania.org\/wp-content\/uploads\/IMG_2489-300x169.jpg 300w, http:\/\/chematanzania.org\/wp-content\/uploads\/IMG_2489-768x432.jpg 768w, http:\/\/chematanzania.org\/wp-content\/uploads\/IMG_2489-1024x576.jpg 1024w\" sizes=\"(max-width: 300px) 100vw, 300px\" \/> <img loading=\"lazy\" class=\"alignnone size-medium wp-image-348\" src=\"http:\/\/chematanzania.org\/wp-content\/uploads\/IMG_2527-300x169.jpg\" alt=\"IMG_2527\" width=\"300\" height=\"169\" srcset=\"http:\/\/chematanzania.org\/wp-content\/uploads\/IMG_2527-300x169.jpg 300w, http:\/\/chematanzania.org\/wp-content\/uploads\/IMG_2527-768x432.jpg 768w, http:\/\/chematanzania.org\/wp-content\/uploads\/IMG_2527-1024x576.jpg 1024w\" sizes=\"(max-width: 300px) 100vw, 300px\" \/><\/p>\n<p style=\"text-align: center;\"><strong><span style=\"text-decoration: underline;\">Gem\u00fcsegarten<\/span><\/strong><\/p>\n<p><u>Zielsetzung<\/u><\/p>\n<ul>\n<li>Informieren der Gruppen \u00fcber das Risiko von nicht ausreichender Ern\u00e4hrung sowie Unterst\u00fctzung beim Anbau von Gem\u00fcseg\u00e4rten<\/li>\n<li>Hilfestellung beim Anbau unterschiedlicher Gem\u00fcsesorten sowie Erl\u00e4uterung ihrer Verwendung<\/li>\n<\/ul>\n<p>&nbsp;<\/p>\n<p style=\"text-align: center;\">Die verschiedenen Gem\u00fcsesorten:<\/p>\n<p style=\"text-align: center;\">&#8211; Spinat<\/p>\n<p style=\"text-align: center;\">\u00a0&#8211; Paprika<\/p>\n<p style=\"text-align: center;\">\u00a0 \u00a0 &#8211; Zwiebeln<\/p>\n<p style=\"text-align: center;\">\u00a0 &#8211; Tomaten<\/p>\n<p><u>Vorteile eines Gem\u00fcsegartens<\/u><\/p>\n<ul>\n<li>Aufnehmen wichtiger N\u00e4hrstoffe durch das Gem\u00fcse<\/li>\n<li>Einfache Vorbereitung und Bewirtschaftung\u00a0der G\u00e4rten<\/li>\n<\/ul>\n<p><u>Herausforderungen<\/u><\/p>\n<ul>\n<li>Das Nichtbewusstsein \u00fcber das korrekte Anbauen von Gem\u00fcse<\/li>\n<li>Fehlende Kenntnisse \u00fcber die Hersellung und Bewirtschaftung von Gem\u00fcsegarten<\/li>\n<\/ul>\n<p>&nbsp;<\/p>\n<p style=\"text-align: center;\"><img loading=\"lazy\" class=\"alignnone size-medium wp-image-142\" src=\"http:\/\/chematanzania.org\/wp-content\/uploads\/IMG_2496-300x169.jpg\" alt=\"IMG_2496\" width=\"300\" height=\"169\" srcset=\"http:\/\/chematanzania.org\/wp-content\/uploads\/IMG_2496-300x169.jpg 300w, http:\/\/chematanzania.org\/wp-content\/uploads\/IMG_2496-768x432.jpg 768w, http:\/\/chematanzania.org\/wp-content\/uploads\/IMG_2496-1024x576.jpg 1024w\" sizes=\"(max-width: 300px) 100vw, 300px\" \/> <img loading=\"lazy\" class=\"alignnone size-medium wp-image-351\" src=\"http:\/\/chematanzania.org\/wp-content\/uploads\/DSC_0046-300x169.jpg\" alt=\"DSC_0046\" width=\"300\" height=\"169\" srcset=\"http:\/\/chematanzania.org\/wp-content\/uploads\/DSC_0046-300x169.jpg 300w, http:\/\/chematanzania.org\/wp-content\/uploads\/DSC_0046-768x432.jpg 768w, http:\/\/chematanzania.org\/wp-content\/uploads\/DSC_0046-1024x576.jpg 1024w\" sizes=\"(max-width: 300px) 100vw, 300px\" \/> <img loading=\"lazy\" class=\"alignnone size-medium wp-image-140\" src=\"http:\/\/chematanzania.org\/wp-content\/uploads\/IMG_2093-300x169.jpg\" alt=\"IMG_2093\" width=\"300\" height=\"169\" srcset=\"http:\/\/chematanzania.org\/wp-content\/uploads\/IMG_2093-300x169.jpg 300w, http:\/\/chematanzania.org\/wp-content\/uploads\/IMG_2093-768x432.jpg 768w, http:\/\/chematanzania.org\/wp-content\/uploads\/IMG_2093-1024x576.jpg 1024w\" sizes=\"(max-width: 300px) 100vw, 300px\" \/><\/p>\n<hr \/>\n<p style=\"text-align: center;\"><img loading=\"lazy\" class=\"alignnone size-medium wp-image-360\" src=\"http:\/\/chematanzania.org\/wp-content\/uploads\/IMG_2506-300x169.jpg\" alt=\"IMG_2506\" width=\"300\" height=\"169\" srcset=\"http:\/\/chematanzania.org\/wp-content\/uploads\/IMG_2506-300x169.jpg 300w, http:\/\/chematanzania.org\/wp-content\/uploads\/IMG_2506-768x432.jpg 768w, http:\/\/chematanzania.org\/wp-content\/uploads\/IMG_2506-1024x576.jpg 1024w\" sizes=\"(max-width: 300px) 100vw, 300px\" \/> <img loading=\"lazy\" class=\"alignnone size-medium wp-image-359\" src=\"http:\/\/chematanzania.org\/wp-content\/uploads\/IMG_2522-300x169.jpg\" alt=\"IMG_2522\" width=\"300\" height=\"169\" srcset=\"http:\/\/chematanzania.org\/wp-content\/uploads\/IMG_2522-300x169.jpg 300w, http:\/\/chematanzania.org\/wp-content\/uploads\/IMG_2522-768x432.jpg 768w, http:\/\/chematanzania.org\/wp-content\/uploads\/IMG_2522-1024x576.jpg 1024w\" sizes=\"(max-width: 300px) 100vw, 300px\" \/> <img loading=\"lazy\" class=\"alignnone size-medium wp-image-358\" src=\"http:\/\/chematanzania.org\/wp-content\/uploads\/IMG_2504-300x169.jpg\" alt=\"IMG_2504\" width=\"300\" height=\"169\" srcset=\"http:\/\/chematanzania.org\/wp-content\/uploads\/IMG_2504-300x169.jpg 300w, http:\/\/chematanzania.org\/wp-content\/uploads\/IMG_2504-768x432.jpg 768w, http:\/\/chematanzania.org\/wp-content\/uploads\/IMG_2504-1024x576.jpg 1024w\" sizes=\"(max-width: 300px) 100vw, 300px\" \/><\/p>\n<p style=\"text-align: center;\"><span style=\"text-decoration: underline;\"><strong>Verbesserung der Bananenproduktion<\/strong><\/span><\/p>\n<p>\u00a0<span style=\"text-decoration: underline;\">Zielsetzung<\/span>:<\/p>\n<p>Gruppen die Bedeutung eines guten Bananenmangements bewusst machen sowie diese Techniken trainieren.<\/p>\n<p>&nbsp;<\/p>\n<p><span style=\"text-decoration: underline;\">Techniken des Bananen Managements:<\/span><\/p>\n<p>-Mulchen<\/p>\n<p>-J\u00e4ten\/ Sanierung der Bananenfarm<\/p>\n<p>-Verwendung nat\u00fcrlicher D\u00fcngemittel<\/p>\n<ul>\n<li>\u00a0 \u00a0Kompostd\u00fcnger<\/li>\n<li>\u00a0 \u00a0Gr\u00fcnd\u00fcngung<\/li>\n<li>\u00a0 \u00a0Fl\u00fcssiger D\u00fcnger<\/li>\n<\/ul>\n<p>&nbsp;<\/p>\n<p>Wir empfehlen Kompostd\u00fcnger, da dieser aufgrund der Tatsache, dass N\u00e4hrstoffe eine l\u00e4ngere Zeit im Boden enthalten bleiben und so von den Bananen aufgenommen werden k\u00f6nnen, den gr\u00f6\u00dften Nutzen bietet.<\/p>\n<p>&nbsp;<\/p>\n<hr \/>\n<p style=\"text-align: center;\"><img loading=\"lazy\" class=\"alignnone size-medium wp-image-385\" src=\"http:\/\/chematanzania.org\/wp-content\/uploads\/IMG_20160603_171252-300x169.jpg\" alt=\"IMG_20160603_171252\" width=\"300\" height=\"169\" srcset=\"http:\/\/chematanzania.org\/wp-content\/uploads\/IMG_20160603_171252-300x169.jpg 300w, http:\/\/chematanzania.org\/wp-content\/uploads\/IMG_20160603_171252-768x432.jpg 768w, http:\/\/chematanzania.org\/wp-content\/uploads\/IMG_20160603_171252-1024x576.jpg 1024w\" sizes=\"(max-width: 300px) 100vw, 300px\" \/> <img loading=\"lazy\" class=\"alignnone size-medium wp-image-386\" src=\"http:\/\/chematanzania.org\/wp-content\/uploads\/IMG_20160603_171310-300x169.jpg\" alt=\"IMG_20160603_171310\" width=\"300\" height=\"169\" srcset=\"http:\/\/chematanzania.org\/wp-content\/uploads\/IMG_20160603_171310-300x169.jpg 300w, http:\/\/chematanzania.org\/wp-content\/uploads\/IMG_20160603_171310-768x432.jpg 768w, http:\/\/chematanzania.org\/wp-content\/uploads\/IMG_20160603_171310-1024x576.jpg 1024w\" sizes=\"(max-width: 300px) 100vw, 300px\" \/> <img loading=\"lazy\" class=\"alignnone size-medium wp-image-384\" src=\"http:\/\/chematanzania.org\/wp-content\/uploads\/IMG_20160603_171317-300x169.jpg\" alt=\"IMG_20160603_171317\" width=\"300\" height=\"169\" srcset=\"http:\/\/chematanzania.org\/wp-content\/uploads\/IMG_20160603_171317-300x169.jpg 300w, http:\/\/chematanzania.org\/wp-content\/uploads\/IMG_20160603_171317-768x432.jpg 768w, http:\/\/chematanzania.org\/wp-content\/uploads\/IMG_20160603_171317-1024x576.jpg 1024w\" sizes=\"(max-width: 300px) 100vw, 300px\" \/><\/p>\n<p style=\"text-align: center;\"><strong><span style=\"text-decoration: underline;\">Sicherstellung von Saatgut zur Nahrungsmittelsicherung<\/span><\/strong><\/p>\n<p><span style=\"text-decoration: underline;\">Zielsetzung<\/span><\/p>\n<ul>\n<li>Das Informieren von Gruppen \u00fcber die Gefahren von Nahrungsmittelknappheit und die Bedeutung einer guten Samenqualit\u00e4t sowie das Trainieren von Techniken in Bezug auf die Auswahl und Vermehrung von Saatgut<\/li>\n<\/ul>\n<p>&nbsp;<\/p>\n<ul>\n<li>Das Schulen der Gruppen \u00fcber die Bedeutung der richtigen Lagerung von Lebensmittel sowie die Lagerung von Samen.<\/li>\n<\/ul>\n<hr \/>\n<p style=\"text-align: center;\"><span style=\"text-decoration: underline;\"><strong>Agro Forstwirtschaft<\/strong><\/span><\/p>\n<p><span style=\"text-decoration: underline;\">Zielsetzung:<\/span><\/p>\n<p>Gruppen \u00fcber die Gefahren des Buschbrandes, \u00fcber die Bedeutung der Pflege von B\u00e4umen und Pflanzen sowie \u00fcber die Wichtigkeit der Wiederbepflanzung aufkl\u00e4ren.<\/p>\n<p>&nbsp;<\/p>\n<p><u>Schaden von Buschfeuer und das F\u00e4llen von B\u00e4umen:<\/u><\/p>\n<ul>\n<li>Abt\u00f6ten von n\u00fctzlichen Mikroorganismen im Boden<\/li>\n<li>Auftreten von Bodenerosion<\/li>\n<li>Verringerung der Niederschl\u00e4ge<\/li>\n<\/ul>\n<p>&nbsp;<\/p>\n<hr \/>\n<p style=\"text-align: center;\"><img loading=\"lazy\" class=\"alignnone size-medium wp-image-396\" src=\"http:\/\/chematanzania.org\/wp-content\/uploads\/IMG-20160721-WA0006-169x300.jpg\" alt=\"IMG-20160721-WA0006\" width=\"169\" height=\"300\" srcset=\"http:\/\/chematanzania.org\/wp-content\/uploads\/IMG-20160721-WA0006-169x300.jpg 169w, http:\/\/chematanzania.org\/wp-content\/uploads\/IMG-20160721-WA0006-576x1024.jpg 576w, http:\/\/chematanzania.org\/wp-content\/uploads\/IMG-20160721-WA0006.jpg 720w\" sizes=\"(max-width: 169px) 100vw, 169px\" \/>\u00a0 \u00a0 \u00a0 \u00a0 \u00a0 \u00a0 \u00a0\u00a0 <img loading=\"lazy\" class=\"alignnone size-medium wp-image-390\" src=\"http:\/\/chematanzania.org\/wp-content\/uploads\/IMG-20160721-WA0010-169x300.jpg\" alt=\"IMG-20160721-WA0010\" width=\"169\" height=\"300\" srcset=\"http:\/\/chematanzania.org\/wp-content\/uploads\/IMG-20160721-WA0010-169x300.jpg 169w, http:\/\/chematanzania.org\/wp-content\/uploads\/IMG-20160721-WA0010-576x1024.jpg 576w, http:\/\/chematanzania.org\/wp-content\/uploads\/IMG-20160721-WA0010.jpg 720w\" sizes=\"(max-width: 169px) 100vw, 169px\" \/>\u00a0 \u00a0 \u00a0 \u00a0 \u00a0 \u00a0 \u00a0\u00a0 <img loading=\"lazy\" class=\"alignnone size-medium wp-image-395\" src=\"http:\/\/chematanzania.org\/wp-content\/uploads\/IMG-20160721-WA0007-169x300.jpg\" alt=\"IMG-20160721-WA0007\" width=\"169\" height=\"300\" srcset=\"http:\/\/chematanzania.org\/wp-content\/uploads\/IMG-20160721-WA0007-169x300.jpg 169w, http:\/\/chematanzania.org\/wp-content\/uploads\/IMG-20160721-WA0007-576x1024.jpg 576w, http:\/\/chematanzania.org\/wp-content\/uploads\/IMG-20160721-WA0007.jpg 720w\" sizes=\"(max-width: 169px) 100vw, 169px\" \/>\u00a0 \u00a0 \u00a0 \u00a0 \u00a0 \u00a0 \u00a0\u00a0 <img loading=\"lazy\" class=\"alignnone size-medium wp-image-394\" src=\"http:\/\/chematanzania.org\/wp-content\/uploads\/IMG-20160721-WA0005-169x300.jpg\" alt=\"IMG-20160721-WA0005\" width=\"169\" height=\"300\" srcset=\"http:\/\/chematanzania.org\/wp-content\/uploads\/IMG-20160721-WA0005-169x300.jpg 169w, http:\/\/chematanzania.org\/wp-content\/uploads\/IMG-20160721-WA0005-576x1024.jpg 576w, http:\/\/chematanzania.org\/wp-content\/uploads\/IMG-20160721-WA0005.jpg 720w\" sizes=\"(max-width: 169px) 100vw, 169px\" \/><\/p>\n<p style=\"text-align: center;\"><span style=\"text-decoration: underline;\"><strong>Bodenfruchtbarkeit und -erhaltung<\/strong><\/span><\/p>\n<p><span style=\"text-decoration: underline;\">Zielsetzung:<\/span><\/p>\n<p>Gruppen werden \u00fcber die Bedeutung der Bodenfruchtbarkeit sowie \u00fcber die Gefahren der Bodenerosion aufgekl\u00e4rt. Des Weiteren werden Gruppen auch im Umgang mit den unterschiedlichen Techniken der Bodenfruchtbarkeit geschult, beispielsweise Mulchen oder das Kompostieren zur Steigerung der Fruchtbarkeit des Bodens.<\/p>\n<p>&nbsp;<\/p>\n<p><u>Gefahr der Bodenerosion :<\/u><\/p>\n<ul>\n<li>Verlust von fruchtbaren B\u00f6den<\/li>\n<li>Verlust der verschiedenen N\u00e4hrstoffe aus dem Boden<\/li>\n<\/ul>\n<hr \/>\n","protected":false},"excerpt":{"rendered":"<p>&nbsp; \u00a0 \u00a0 \u00a0 \u00a0 \u00a0 \u00a0 \u00a0\u00a0\u00a0\u00a0 \u00a0 \u00a0 \u00a0 \u00a0 \u00a0 \u00a0\u00a0\u00a0 Schwerpunkte: Gem\u00fcsegarten Verbesserung der Bananenproduktion Sicherstellung von Saatgut zur Nahrungsmittelsicherung Agro Forstwirtschaft Bodenfruchtbarkeit und -erhaltung &nbsp; Gem\u00fcsegarten Zielsetzung Informieren der Gruppen \u00fcber das Risiko von nicht ausreichender Ern\u00e4hrung sowie Unterst\u00fctzung beim Anbau von Gem\u00fcseg\u00e4rten Hilfestellung beim Anbau unterschiedlicher Gem\u00fcsesorten sowie Erl\u00e4uterung <a href=\"http:\/\/chematanzania.org\/?page_id=318\" rel=\"nofollow\"><span class=\"sr-only\">Read more about Nachhaltige Landwirtschaft<\/span>[&hellip;]<\/a><\/p>\n","protected":false},"author":1,"featured_media":0,"parent":135,"menu_order":0,"comment_status":"closed","ping_status":"closed","template":"template-fullwidth.php","meta":[],"_links":{"self":[{"href":"http:\/\/chematanzania.org\/index.php?rest_route=\/wp\/v2\/pages\/318"}],"collection":[{"href":"http:\/\/chematanzania.org\/index.php?rest_route=\/wp\/v2\/pages"}],"about":[{"href":"http:\/\/chematanzania.org\/index.php?rest_route=\/wp\/v2\/types\/page"}],"author":[{"embeddable":true,"href":"http:\/\/chematanzania.org\/index.php?rest_route=\/wp\/v2\/users\/1"}],"replies":[{"embeddable":true,"href":"http:\/\/chematanzania.org\/index.php?rest_route=%2Fwp%2Fv2%2Fcomments&post=318"}],"version-history":[{"count":12,"href":"http:\/\/chematanzania.org\/index.php?rest_route=\/wp\/v2\/pages\/318\/revisions"}],"predecessor-version":[{"id":439,"href":"http:\/\/chematanzania.org\/index.php?rest_route=\/wp\/v2\/pages\/318\/revisions\/439"}],"up":[{"embeddable":true,"href":"http:\/\/chematanzania.org\/index.php?rest_route=\/wp\/v2\/pages\/135"}],"wp:attachment":[{"href":"http:\/\/chematanzania.org\/index.php?rest_route=%2Fwp%2Fv2%2Fmedia&parent=318"}],"curies":[{"name":"wp","href":"https:\/\/api.w.org\/{rel}","templated":true}]}}